{"id":233,"date":"2022-12-01T16:03:26","date_gmt":"2022-12-01T16:03:26","guid":{"rendered":"https:\/\/activetrade.ec\/web\/?page_id=233"},"modified":"2022-12-23T14:23:53","modified_gmt":"2022-12-23T14:23:53","slug":"planificacion","status":"publish","type":"page","link":"https:\/\/activetrade.ec\/web\/planificacion\/","title":{"rendered":"Planificaci\u00f3n"},"content":{"rendered":"\t\t<div data-elementor-type=\"wp-page\" data-elementor-id=\"233\" class=\"elementor elementor-233\">\n\t\t\t\t\t\t\t\t\t<section class=\"elementor-section elementor-top-section elementor-element elementor-element-c048271 elementor-section-boxed elementor-section-height-default elementor-section-height-default\" data-id=\"c048271\" data-element_type=\"section\">\n\t\t\t\t\t\t<div class=\"elementor-container elementor-column-gap-default\">\n\t\t\t\t\t<div class=\"elementor-column elementor-col-100 elementor-top-column elementor-element elementor-element-96a5f4f\" data-id=\"96a5f4f\" data-element_type=\"column\">\n\t\t\t<div class=\"elementor-widget-wrap elementor-element-populated\">\n\t\t\t\t\t\t\t\t<div class=\"elementor-element elementor-element-3183a12 elementor-widget elementor-widget-text-editor\" data-id=\"3183a12\" data-element_type=\"widget\" data-widget_type=\"text-editor.default\">\n\t\t\t\t<div class=\"elementor-widget-container\">\n\t\t\t<style>\/*! elementor - v3.8.0 - 30-10-2022 *\/\n.elementor-widget-text-editor.elementor-drop-cap-view-stacked .elementor-drop-cap{background-color:#818a91;color:#fff}.elementor-widget-text-editor.elementor-drop-cap-view-framed .elementor-drop-cap{color:#818a91;border:3px solid;background-color:transparent}.elementor-widget-text-editor:not(.elementor-drop-cap-view-default) .elementor-drop-cap{margin-top:8px}.elementor-widget-text-editor:not(.elementor-drop-cap-view-default) .elementor-drop-cap-letter{width:1em;height:1em}.elementor-widget-text-editor .elementor-drop-cap{float:left;text-align:center;line-height:1;font-size:50px}.elementor-widget-text-editor .elementor-drop-cap-letter{display:inline-block}<\/style>\t\t\t\t<p>Nuestra gesti\u00f3n identifica los costes previstos desde el principio para desarrollar un presupuesto realista y mantener los proyectos dentro del presupuesto. La coordinaci\u00f3n de las tareas y la identificaci\u00f3n clara de los objetivos deseados para lograr cumplir en tiempo y costo los requerimientos del cliente..<\/p>\t\t\t\t\t\t<\/div>\n\t\t\t\t<\/div>\n\t\t\t\t\t<\/div>\n\t\t<\/div>\n\t\t\t\t\t\t\t<\/div>\n\t\t<\/section>\n\t\t\t\t<section class=\"elementor-section elementor-top-section elementor-element elementor-element-7ade90b elementor-section-boxed elementor-section-height-default elementor-section-height-default\" data-id=\"7ade90b\" data-element_type=\"section\">\n\t\t\t\t\t\t<div class=\"elementor-container elementor-column-gap-default\">\n\t\t\t\t\t<div class=\"elementor-column elementor-col-100 elementor-top-column elementor-element elementor-element-d94cd28\" data-id=\"d94cd28\" data-element_type=\"column\">\n\t\t\t<div class=\"elementor-widget-wrap elementor-element-populated\">\n\t\t\t\t\t\t\t\t<div class=\"elementor-element elementor-element-01531a8 elementor-widget elementor-widget-text-editor\" data-id=\"01531a8\" data-element_type=\"widget\" data-widget_type=\"text-editor.default\">\n\t\t\t\t<div class=\"elementor-widget-container\">\n\t\t\t\t\t\t\t<p class=\"custom-heading\">La organizaci\u00f3n es indispensable para lograr proyectos con calidad, por lo cual nos involucramos en cada aspecto de la obra coordinando tanto recursos humanos como materiales y eficientando costos, calidad y tiempo para alcanzar los objetivos planteados.<\/p>\t\t\t\t\t\t<\/div>\n\t\t\t\t<\/div>\n\t\t\t\t\t<\/div>\n\t\t<\/div>\n\t\t\t\t\t\t\t<\/div>\n\t\t<\/section>\n\t\t\t\t<section class=\"elementor-section elementor-top-section elementor-element elementor-element-3893fcc elementor-section-boxed elementor-section-height-default elementor-section-height-default\" data-id=\"3893fcc\" data-element_type=\"section\">\n\t\t\t\t\t\t<div class=\"elementor-container elementor-column-gap-default\">\n\t\t\t\t\t<div class=\"elementor-column elementor-col-100 elementor-top-column elementor-element elementor-element-58c37b3\" data-id=\"58c37b3\" data-element_type=\"column\">\n\t\t\t<div class=\"elementor-widget-wrap elementor-element-populated\">\n\t\t\t\t\t\t\t\t<div class=\"elementor-element elementor-element-0cc2c85 elementor-widget elementor-widget-image\" data-id=\"0cc2c85\" data-element_type=\"widget\" data-widget_type=\"image.default\">\n\t\t\t\t<div class=\"elementor-widget-container\">\n\t\t\t<style>\/*! elementor - v3.8.0 - 30-10-2022 *\/\n.elementor-widget-image{text-align:center}.elementor-widget-image a{display:inline-block}.elementor-widget-image a img[src$=\".svg\"]{width:48px}.elementor-widget-image img{vertical-align:middle;display:inline-block}<\/style>\t\t\t\t\t\t\t\t\t\t\t\t<img loading=\"lazy\" decoding=\"async\" width=\"500\" height=\"300\" src=\"https:\/\/activetrade.ec\/web\/wp-content\/uploads\/2022\/12\/planificacion.jpg\" class=\"attachment-large size-large\" alt=\"\" srcset=\"https:\/\/activetrade.ec\/web\/wp-content\/uploads\/2022\/12\/planificacion.jpg 500w, https:\/\/activetrade.ec\/web\/wp-content\/uploads\/2022\/12\/planificacion-300x180.jpg 300w\" sizes=\"auto, (max-width: 500px) 100vw, 500px\" \/>\t\t\t\t\t\t\t\t\t\t\t\t\t\t\t<\/div>\n\t\t\t\t<\/div>\n\t\t\t\t\t<\/div>\n\t\t<\/div>\n\t\t\t\t\t\t\t<\/div>\n\t\t<\/section>\n\t\t\t\t<section class=\"elementor-section elementor-top-section elementor-element elementor-element-b2beda9 elementor-section-boxed elementor-section-height-default elementor-section-height-default\" data-id=\"b2beda9\" data-element_type=\"section\">\n\t\t\t\t\t\t<div class=\"elementor-container elementor-column-gap-default\">\n\t\t\t\t\t<div class=\"elementor-column elementor-col-100 elementor-top-column elementor-element elementor-element-69eb120\" data-id=\"69eb120\" data-element_type=\"column\">\n\t\t\t<div class=\"elementor-widget-wrap elementor-element-populated\">\n\t\t\t\t\t\t\t\t<div class=\"elementor-element elementor-element-b761bc3 elementor-widget elementor-widget-text-editor\" data-id=\"b761bc3\" data-element_type=\"widget\" data-widget_type=\"text-editor.default\">\n\t\t\t\t<div class=\"elementor-widget-container\">\n\t\t\t\t\t\t\t<p>Proporcionar una adecuada planeaci\u00f3n y control de obra permite estructurar una estrategia detallada para que, mediante herramientas, t\u00e9cnicas especializadas y tecnolog\u00eda de punta puedan analizar cada una de las actividades involucradas en el proceso de construcci\u00f3n y as\u00ed anticiparse a posibles errores.<\/p>\t\t\t\t\t\t<\/div>\n\t\t\t\t<\/div>\n\t\t\t\t\t<\/div>\n\t\t<\/div>\n\t\t\t\t\t\t\t<\/div>\n\t\t<\/section>\n\t\t\t\t<section class=\"elementor-section elementor-top-section elementor-element elementor-element-de8b950 elementor-section-boxed elementor-section-height-default elementor-section-height-default\" data-id=\"de8b950\" data-element_type=\"section\">\n\t\t\t\t\t\t<div class=\"elementor-container elementor-column-gap-default\">\n\t\t\t\t\t<div class=\"elementor-column elementor-col-100 elementor-top-column elementor-element elementor-element-4a74015\" data-id=\"4a74015\" data-element_type=\"column\">\n\t\t\t<div class=\"elementor-widget-wrap elementor-element-populated\">\n\t\t\t\t\t\t\t\t<div class=\"elementor-element elementor-element-fa72d36 elementor-widget elementor-widget-image\" data-id=\"fa72d36\" data-element_type=\"widget\" data-widget_type=\"image.default\">\n\t\t\t\t<div class=\"elementor-widget-container\">\n\t\t\t\t\t\t\t\t\t\t\t\t\t\t\t<img loading=\"lazy\" decoding=\"async\" width=\"500\" height=\"300\" src=\"https:\/\/activetrade.ec\/web\/wp-content\/uploads\/2022\/12\/p1.jpg\" class=\"attachment-large size-large\" alt=\"\" srcset=\"https:\/\/activetrade.ec\/web\/wp-content\/uploads\/2022\/12\/p1.jpg 500w, https:\/\/activetrade.ec\/web\/wp-content\/uploads\/2022\/12\/p1-300x180.jpg 300w\" sizes=\"auto, (max-width: 500px) 100vw, 500px\" \/>\t\t\t\t\t\t\t\t\t\t\t\t\t\t\t<\/div>\n\t\t\t\t<\/div>\n\t\t\t\t\t<\/div>\n\t\t<\/div>\n\t\t\t\t\t\t\t<\/div>\n\t\t<\/section>\n\t\t\t\t<section class=\"elementor-section elementor-top-section elementor-element elementor-element-8329218 elementor-section-boxed elementor-section-height-default elementor-section-height-default\" data-id=\"8329218\" data-element_type=\"section\">\n\t\t\t\t\t\t<div class=\"elementor-container elementor-column-gap-default\">\n\t\t\t\t\t<div class=\"elementor-column elementor-col-100 elementor-top-column elementor-element elementor-element-aa5a0bb\" data-id=\"aa5a0bb\" data-element_type=\"column\">\n\t\t\t<div class=\"elementor-widget-wrap elementor-element-populated\">\n\t\t\t\t\t\t\t\t<div class=\"elementor-element elementor-element-237d9d9 elementor-widget elementor-widget-text-editor\" data-id=\"237d9d9\" data-element_type=\"widget\" data-widget_type=\"text-editor.default\">\n\t\t\t\t<div class=\"elementor-widget-container\">\n\t\t\t\t\t\t\t<p>Contamos con procesos certificados de calidad que permiten gestionar proyectos de manera eficaz al controlar cada uno de los aspectos t\u00e9cnicos, humanos y legales para que, mediante la log\u00edstica, cada actividad y tarea tenga un tiempo y espacio para realizarse de manera ordenada.<\/p>\t\t\t\t\t\t<\/div>\n\t\t\t\t<\/div>\n\t\t\t\t\t<\/div>\n\t\t<\/div>\n\t\t\t\t\t\t\t<\/div>\n\t\t<\/section>\n\t\t\t\t<section class=\"elementor-section elementor-top-section elementor-element elementor-element-580d924 elementor-section-boxed elementor-section-height-default elementor-section-height-default\" data-id=\"580d924\" data-element_type=\"section\">\n\t\t\t\t\t\t<div class=\"elementor-container elementor-column-gap-default\">\n\t\t\t\t\t<div class=\"elementor-column elementor-col-100 elementor-top-column elementor-element elementor-element-14d1f4d\" data-id=\"14d1f4d\" data-element_type=\"column\">\n\t\t\t<div class=\"elementor-widget-wrap elementor-element-populated\">\n\t\t\t\t\t\t\t\t<div class=\"elementor-element elementor-element-e0889d1 elementor-widget elementor-widget-image\" data-id=\"e0889d1\" data-element_type=\"widget\" data-widget_type=\"image.default\">\n\t\t\t\t<div class=\"elementor-widget-container\">\n\t\t\t\t\t\t\t\t\t\t\t\t\t\t\t<img loading=\"lazy\" decoding=\"async\" width=\"500\" height=\"300\" src=\"https:\/\/activetrade.ec\/web\/wp-content\/uploads\/2022\/12\/p2.jpg\" class=\"attachment-large size-large\" alt=\"\" srcset=\"https:\/\/activetrade.ec\/web\/wp-content\/uploads\/2022\/12\/p2.jpg 500w, https:\/\/activetrade.ec\/web\/wp-content\/uploads\/2022\/12\/p2-300x180.jpg 300w\" sizes=\"auto, (max-width: 500px) 100vw, 500px\" \/>\t\t\t\t\t\t\t\t\t\t\t\t\t\t\t<\/div>\n\t\t\t\t<\/div>\n\t\t\t\t\t<\/div>\n\t\t<\/div>\n\t\t\t\t\t\t\t<\/div>\n\t\t<\/section>\n\t\t\t\t\t\t\t<\/div>\n\t\t","protected":false},"excerpt":{"rendered":"<p>Nuestra gesti\u00f3n identifica los costes previstos desde el principio para desarrollar un presupuesto realista y mantener los proyectos dentro del presupuesto. La coordinaci\u00f3n de las tareas y la identificaci\u00f3n clara de los objetivos deseados para lograr cumplir en tiempo y costo los requerimientos del cliente.. La organizaci\u00f3n es indispensable para lograr proyectos con calidad, por [&hellip;]<\/p>\n","protected":false},"author":1,"featured_media":0,"parent":0,"menu_order":0,"comment_status":"closed","ping_status":"closed","template":"","meta":{"footnotes":""},"class_list":["post-233","page","type-page","status-publish","hentry"],"_links":{"self":[{"href":"https:\/\/activetrade.ec\/web\/wp-json\/wp\/v2\/pages\/233","targetHints":{"allow":["GET"]}}],"collection":[{"href":"https:\/\/activetrade.ec\/web\/wp-json\/wp\/v2\/pages"}],"about":[{"href":"https:\/\/activetrade.ec\/web\/wp-json\/wp\/v2\/types\/page"}],"author":[{"embeddable":true,"href":"https:\/\/activetrade.ec\/web\/wp-json\/wp\/v2\/users\/1"}],"replies":[{"embeddable":true,"href":"https:\/\/activetrade.ec\/web\/wp-json\/wp\/v2\/comments?post=233"}],"version-history":[{"count":7,"href":"https:\/\/activetrade.ec\/web\/wp-json\/wp\/v2\/pages\/233\/revisions"}],"predecessor-version":[{"id":335,"href":"https:\/\/activetrade.ec\/web\/wp-json\/wp\/v2\/pages\/233\/revisions\/335"}],"wp:attachment":[{"href":"https:\/\/activetrade.ec\/web\/wp-json\/wp\/v2\/media?parent=233"}],"curies":[{"name":"wp","href":"https:\/\/api.w.org\/{rel}","templated":true}]}}