{"id":229,"date":"2022-12-01T15:58:15","date_gmt":"2022-12-01T15:58:15","guid":{"rendered":"https:\/\/activetrade.ec\/web\/?page_id=229"},"modified":"2022-12-23T14:20:08","modified_gmt":"2022-12-23T14:20:08","slug":"alta-productividad","status":"publish","type":"page","link":"https:\/\/activetrade.ec\/web\/alta-productividad\/","title":{"rendered":"Alta productividad"},"content":{"rendered":"\t\t<div data-elementor-type=\"wp-page\" data-elementor-id=\"229\" class=\"elementor elementor-229\">\n\t\t\t\t\t\t\t\t\t<section class=\"elementor-section elementor-top-section elementor-element elementor-element-f8cb8c9 elementor-section-boxed elementor-section-height-default elementor-section-height-default\" data-id=\"f8cb8c9\" data-element_type=\"section\">\n\t\t\t\t\t\t<div class=\"elementor-container elementor-column-gap-default\">\n\t\t\t\t\t<div class=\"elementor-column elementor-col-100 elementor-top-column elementor-element elementor-element-562cc0e\" data-id=\"562cc0e\" data-element_type=\"column\">\n\t\t\t<div class=\"elementor-widget-wrap elementor-element-populated\">\n\t\t\t\t\t\t\t\t<div class=\"elementor-element elementor-element-1fb3668 elementor-widget elementor-widget-text-editor\" data-id=\"1fb3668\" data-element_type=\"widget\" data-widget_type=\"text-editor.default\">\n\t\t\t\t<div class=\"elementor-widget-container\">\n\t\t\t<style>\/*! elementor - v3.8.0 - 30-10-2022 *\/\n.elementor-widget-text-editor.elementor-drop-cap-view-stacked .elementor-drop-cap{background-color:#818a91;color:#fff}.elementor-widget-text-editor.elementor-drop-cap-view-framed .elementor-drop-cap{color:#818a91;border:3px solid;background-color:transparent}.elementor-widget-text-editor:not(.elementor-drop-cap-view-default) .elementor-drop-cap{margin-top:8px}.elementor-widget-text-editor:not(.elementor-drop-cap-view-default) .elementor-drop-cap-letter{width:1em;height:1em}.elementor-widget-text-editor .elementor-drop-cap{float:left;text-align:center;line-height:1;font-size:50px}.elementor-widget-text-editor .elementor-drop-cap-letter{display:inline-block}<\/style>\t\t\t\t<p>Garantizamos nuestros trabajos con el conocimiento y herramientas tecnologicas de vanguardia que permitan cumplir los tiempos de dise\u00f1o, construcci\u00f3n pactados con nuestos clientes en Calidad y Tiempo. Ayudamos a mejorar la productividad en tu empresa, intensamente organizada, feliz y cargada de beneficios para ti.<\/p>\t\t\t\t\t\t<\/div>\n\t\t\t\t<\/div>\n\t\t\t\t\t<\/div>\n\t\t<\/div>\n\t\t\t\t\t\t\t<\/div>\n\t\t<\/section>\n\t\t\t\t<section class=\"elementor-section elementor-top-section elementor-element elementor-element-3d9be2e elementor-section-boxed elementor-section-height-default elementor-section-height-default\" data-id=\"3d9be2e\" data-element_type=\"section\">\n\t\t\t\t\t\t<div class=\"elementor-container elementor-column-gap-default\">\n\t\t\t\t\t<div class=\"elementor-column elementor-col-100 elementor-top-column elementor-element elementor-element-3df7e10\" data-id=\"3df7e10\" data-element_type=\"column\">\n\t\t\t<div class=\"elementor-widget-wrap elementor-element-populated\">\n\t\t\t\t\t\t\t\t<div class=\"elementor-element elementor-element-406a7f7 elementor-widget elementor-widget-text-editor\" data-id=\"406a7f7\" data-element_type=\"widget\" data-widget_type=\"text-editor.default\">\n\t\t\t\t<div class=\"elementor-widget-container\">\n\t\t\t\t\t\t\t<p class=\"custom-heading\">Gestionamos la comunicaci\u00f3n entre el inversionista de obra, los equipos de ingenier\u00eda y la ejecuci\u00f3n de la misma, con el objetivo de integrar, administrar y coordinar los recursos de la construcci\u00f3n para su mayor aprovechamiento y garantizar la satisfacci\u00f3n de todos los involucrados.<\/p><p>.<\/p>\t\t\t\t\t\t<\/div>\n\t\t\t\t<\/div>\n\t\t\t\t\t<\/div>\n\t\t<\/div>\n\t\t\t\t\t\t\t<\/div>\n\t\t<\/section>\n\t\t\t\t<section class=\"elementor-section elementor-top-section elementor-element elementor-element-e7c91f2 elementor-section-boxed elementor-section-height-default elementor-section-height-default\" data-id=\"e7c91f2\" data-element_type=\"section\">\n\t\t\t\t\t\t<div class=\"elementor-container elementor-column-gap-default\">\n\t\t\t\t\t<div class=\"elementor-column elementor-col-100 elementor-top-column elementor-element elementor-element-3b7ac44\" data-id=\"3b7ac44\" data-element_type=\"column\">\n\t\t\t<div class=\"elementor-widget-wrap elementor-element-populated\">\n\t\t\t\t\t\t\t\t<div class=\"elementor-element elementor-element-cca6c66 elementor-widget elementor-widget-image\" data-id=\"cca6c66\" data-element_type=\"widget\" data-widget_type=\"image.default\">\n\t\t\t\t<div class=\"elementor-widget-container\">\n\t\t\t<style>\/*! elementor - v3.8.0 - 30-10-2022 *\/\n.elementor-widget-image{text-align:center}.elementor-widget-image a{display:inline-block}.elementor-widget-image a img[src$=\".svg\"]{width:48px}.elementor-widget-image img{vertical-align:middle;display:inline-block}<\/style>\t\t\t\t\t\t\t\t\t\t\t\t<img loading=\"lazy\" decoding=\"async\" width=\"500\" height=\"300\" src=\"https:\/\/activetrade.ec\/web\/wp-content\/uploads\/2022\/12\/PRODUCTIVIDAD.jpg\" class=\"attachment-large size-large\" alt=\"\" srcset=\"https:\/\/activetrade.ec\/web\/wp-content\/uploads\/2022\/12\/PRODUCTIVIDAD.jpg 500w, https:\/\/activetrade.ec\/web\/wp-content\/uploads\/2022\/12\/PRODUCTIVIDAD-300x180.jpg 300w\" sizes=\"auto, (max-width: 500px) 100vw, 500px\" \/>\t\t\t\t\t\t\t\t\t\t\t\t\t\t\t<\/div>\n\t\t\t\t<\/div>\n\t\t\t\t\t<\/div>\n\t\t<\/div>\n\t\t\t\t\t\t\t<\/div>\n\t\t<\/section>\n\t\t\t\t<section class=\"elementor-section elementor-top-section elementor-element elementor-element-8d7eb34 elementor-section-boxed elementor-section-height-default elementor-section-height-default\" data-id=\"8d7eb34\" data-element_type=\"section\">\n\t\t\t\t\t\t<div class=\"elementor-container elementor-column-gap-default\">\n\t\t\t\t\t<div class=\"elementor-column elementor-col-100 elementor-top-column elementor-element elementor-element-e5cd64d\" data-id=\"e5cd64d\" data-element_type=\"column\">\n\t\t\t<div class=\"elementor-widget-wrap elementor-element-populated\">\n\t\t\t\t\t\t\t\t<div class=\"elementor-element elementor-element-5535cae elementor-widget elementor-widget-text-editor\" data-id=\"5535cae\" data-element_type=\"widget\" data-widget_type=\"text-editor.default\">\n\t\t\t\t<div class=\"elementor-widget-container\">\n\t\t\t\t\t\t\t<p>En este proceso nos encargamos de desarrollar todas las actividades relacionadas con la ejecuci\u00f3n de un proyecto, asegur\u00e1ndonos que \u00e9ste cumpla con los requerimientos, alcances, especificaciones y sobre todo que se lleve a cabo en el tiempo requerido y dentro de los par\u00e1metros de costo que se establezcan.<\/p>\t\t\t\t\t\t<\/div>\n\t\t\t\t<\/div>\n\t\t\t\t\t<\/div>\n\t\t<\/div>\n\t\t\t\t\t\t\t<\/div>\n\t\t<\/section>\n\t\t\t\t<section class=\"elementor-section elementor-top-section elementor-element elementor-element-a4b46a6 elementor-section-boxed elementor-section-height-default elementor-section-height-default\" data-id=\"a4b46a6\" data-element_type=\"section\">\n\t\t\t\t\t\t<div class=\"elementor-container elementor-column-gap-default\">\n\t\t\t\t\t<div class=\"elementor-column elementor-col-100 elementor-top-column elementor-element elementor-element-2f94a8c\" data-id=\"2f94a8c\" data-element_type=\"column\">\n\t\t\t<div class=\"elementor-widget-wrap elementor-element-populated\">\n\t\t\t\t\t\t\t\t<div class=\"elementor-element elementor-element-bfb5a6e elementor-widget elementor-widget-image\" data-id=\"bfb5a6e\" data-element_type=\"widget\" data-widget_type=\"image.default\">\n\t\t\t\t<div class=\"elementor-widget-container\">\n\t\t\t\t\t\t\t\t\t\t\t\t\t\t\t<img loading=\"lazy\" decoding=\"async\" width=\"500\" height=\"300\" src=\"https:\/\/activetrade.ec\/web\/wp-content\/uploads\/2022\/12\/EJECUCION-1.jpg\" class=\"attachment-large size-large\" alt=\"\" srcset=\"https:\/\/activetrade.ec\/web\/wp-content\/uploads\/2022\/12\/EJECUCION-1.jpg 500w, https:\/\/activetrade.ec\/web\/wp-content\/uploads\/2022\/12\/EJECUCION-1-300x180.jpg 300w\" sizes=\"auto, (max-width: 500px) 100vw, 500px\" \/>\t\t\t\t\t\t\t\t\t\t\t\t\t\t\t<\/div>\n\t\t\t\t<\/div>\n\t\t\t\t\t<\/div>\n\t\t<\/div>\n\t\t\t\t\t\t\t<\/div>\n\t\t<\/section>\n\t\t\t\t<section class=\"elementor-section elementor-top-section elementor-element elementor-element-ae1edcf elementor-section-boxed elementor-section-height-default elementor-section-height-default\" data-id=\"ae1edcf\" data-element_type=\"section\">\n\t\t\t\t\t\t<div class=\"elementor-container elementor-column-gap-default\">\n\t\t\t\t\t<div class=\"elementor-column elementor-col-100 elementor-top-column elementor-element elementor-element-7efb88d\" data-id=\"7efb88d\" data-element_type=\"column\">\n\t\t\t<div class=\"elementor-widget-wrap elementor-element-populated\">\n\t\t\t\t\t\t\t\t<div class=\"elementor-element elementor-element-43322f2 elementor-widget elementor-widget-text-editor\" data-id=\"43322f2\" data-element_type=\"widget\" data-widget_type=\"text-editor.default\">\n\t\t\t\t<div class=\"elementor-widget-container\">\n\t\t\t\t\t\t\t<p>Nos\u00a0 involucramos en la elaboraci\u00f3n de los proyectos arquitect\u00f3nicos y de ingenier\u00edas, en la elaboraci\u00f3n de propuestas econ\u00f3micas, en el an\u00e1lisis de costo-beneficio y en los servicios de ingenier\u00eda, sin dejar de lado la Gesti\u00f3n de la Calidad.<\/p>\t\t\t\t\t\t<\/div>\n\t\t\t\t<\/div>\n\t\t\t\t\t<\/div>\n\t\t<\/div>\n\t\t\t\t\t\t\t<\/div>\n\t\t<\/section>\n\t\t\t\t<section class=\"elementor-section elementor-top-section elementor-element elementor-element-3ba118e elementor-section-boxed elementor-section-height-default elementor-section-height-default\" data-id=\"3ba118e\" data-element_type=\"section\">\n\t\t\t\t\t\t<div class=\"elementor-container elementor-column-gap-default\">\n\t\t\t\t\t<div class=\"elementor-column elementor-col-100 elementor-top-column elementor-element elementor-element-359ce43\" data-id=\"359ce43\" data-element_type=\"column\">\n\t\t\t<div class=\"elementor-widget-wrap elementor-element-populated\">\n\t\t\t\t\t\t\t\t<div class=\"elementor-element elementor-element-79a88ce elementor-widget elementor-widget-image\" data-id=\"79a88ce\" data-element_type=\"widget\" data-widget_type=\"image.default\">\n\t\t\t\t<div class=\"elementor-widget-container\">\n\t\t\t\t\t\t\t\t\t\t\t\t\t\t\t<img loading=\"lazy\" decoding=\"async\" width=\"500\" height=\"300\" src=\"https:\/\/activetrade.ec\/web\/wp-content\/uploads\/2022\/12\/ejecucion1.jpg\" class=\"attachment-large size-large\" alt=\"\" srcset=\"https:\/\/activetrade.ec\/web\/wp-content\/uploads\/2022\/12\/ejecucion1.jpg 500w, https:\/\/activetrade.ec\/web\/wp-content\/uploads\/2022\/12\/ejecucion1-300x180.jpg 300w\" sizes=\"auto, (max-width: 500px) 100vw, 500px\" \/>\t\t\t\t\t\t\t\t\t\t\t\t\t\t\t<\/div>\n\t\t\t\t<\/div>\n\t\t\t\t\t<\/div>\n\t\t<\/div>\n\t\t\t\t\t\t\t<\/div>\n\t\t<\/section>\n\t\t\t\t\t\t\t<\/div>\n\t\t","protected":false},"excerpt":{"rendered":"<p>Garantizamos nuestros trabajos con el conocimiento y herramientas tecnologicas de vanguardia que permitan cumplir los tiempos de dise\u00f1o, construcci\u00f3n pactados con nuestos clientes en Calidad y Tiempo. Ayudamos a mejorar la productividad en tu empresa, intensamente organizada, feliz y cargada de beneficios para ti. Gestionamos la comunicaci\u00f3n entre el inversionista de obra, los equipos de [&hellip;]<\/p>\n","protected":false},"author":1,"featured_media":0,"parent":0,"menu_order":0,"comment_status":"closed","ping_status":"closed","template":"","meta":{"footnotes":""},"class_list":["post-229","page","type-page","status-publish","hentry"],"_links":{"self":[{"href":"https:\/\/activetrade.ec\/web\/wp-json\/wp\/v2\/pages\/229","targetHints":{"allow":["GET"]}}],"collection":[{"href":"https:\/\/activetrade.ec\/web\/wp-json\/wp\/v2\/pages"}],"about":[{"href":"https:\/\/activetrade.ec\/web\/wp-json\/wp\/v2\/types\/page"}],"author":[{"embeddable":true,"href":"https:\/\/activetrade.ec\/web\/wp-json\/wp\/v2\/users\/1"}],"replies":[{"embeddable":true,"href":"https:\/\/activetrade.ec\/web\/wp-json\/wp\/v2\/comments?post=229"}],"version-history":[{"count":7,"href":"https:\/\/activetrade.ec\/web\/wp-json\/wp\/v2\/pages\/229\/revisions"}],"predecessor-version":[{"id":332,"href":"https:\/\/activetrade.ec\/web\/wp-json\/wp\/v2\/pages\/229\/revisions\/332"}],"wp:attachment":[{"href":"https:\/\/activetrade.ec\/web\/wp-json\/wp\/v2\/media?parent=229"}],"curies":[{"name":"wp","href":"https:\/\/api.w.org\/{rel}","templated":true}]}}