{"id":226,"date":"2022-12-01T15:49:40","date_gmt":"2022-12-01T15:49:40","guid":{"rendered":"https:\/\/activetrade.ec\/web\/?page_id=226"},"modified":"2022-12-23T14:16:40","modified_gmt":"2022-12-23T14:16:40","slug":"soluciones-para-su-negocio","status":"publish","type":"page","link":"https:\/\/activetrade.ec\/web\/soluciones-para-su-negocio\/","title":{"rendered":"Soluciones para su negocio"},"content":{"rendered":"\t\t<div data-elementor-type=\"wp-page\" data-elementor-id=\"226\" class=\"elementor elementor-226\">\n\t\t\t\t\t\t\t\t\t<section class=\"elementor-section elementor-top-section elementor-element elementor-element-f454c98 elementor-section-boxed elementor-section-height-default elementor-section-height-default\" data-id=\"f454c98\" data-element_type=\"section\">\n\t\t\t\t\t\t<div class=\"elementor-container elementor-column-gap-default\">\n\t\t\t\t\t<div class=\"elementor-column elementor-col-100 elementor-top-column elementor-element elementor-element-b4cc218\" data-id=\"b4cc218\" data-element_type=\"column\">\n\t\t\t<div class=\"elementor-widget-wrap elementor-element-populated\">\n\t\t\t\t\t\t\t\t<div class=\"elementor-element elementor-element-f60043b elementor-widget elementor-widget-text-editor\" data-id=\"f60043b\" data-element_type=\"widget\" data-widget_type=\"text-editor.default\">\n\t\t\t\t<div class=\"elementor-widget-container\">\n\t\t\t<style>\/*! elementor - v3.8.0 - 30-10-2022 *\/\n.elementor-widget-text-editor.elementor-drop-cap-view-stacked .elementor-drop-cap{background-color:#818a91;color:#fff}.elementor-widget-text-editor.elementor-drop-cap-view-framed .elementor-drop-cap{color:#818a91;border:3px solid;background-color:transparent}.elementor-widget-text-editor:not(.elementor-drop-cap-view-default) .elementor-drop-cap{margin-top:8px}.elementor-widget-text-editor:not(.elementor-drop-cap-view-default) .elementor-drop-cap-letter{width:1em;height:1em}.elementor-widget-text-editor .elementor-drop-cap{float:left;text-align:center;line-height:1;font-size:50px}.elementor-widget-text-editor .elementor-drop-cap-letter{display:inline-block}<\/style>\t\t\t\t<p>Ofrecemos servicios y productos que respondan a todas sus necesidades, buscando satisfacer plenamente sus expectativas, a trav\u00e9s de un equipo humano competente. De esta manera podemos elevar el nivel de clientes y la fidelizaci\u00f3n de los mismo, poder lograr incrementar sus servicios.<\/p>\t\t\t\t\t\t<\/div>\n\t\t\t\t<\/div>\n\t\t\t\t\t<\/div>\n\t\t<\/div>\n\t\t\t\t\t\t\t<\/div>\n\t\t<\/section>\n\t\t\t\t<section class=\"elementor-section elementor-top-section elementor-element elementor-element-f57a893 elementor-section-boxed elementor-section-height-default elementor-section-height-default\" data-id=\"f57a893\" data-element_type=\"section\">\n\t\t\t\t\t\t<div class=\"elementor-container elementor-column-gap-default\">\n\t\t\t\t\t<div class=\"elementor-column elementor-col-100 elementor-top-column elementor-element elementor-element-8aa623c\" data-id=\"8aa623c\" data-element_type=\"column\">\n\t\t\t<div class=\"elementor-widget-wrap elementor-element-populated\">\n\t\t\t\t\t\t\t\t<div class=\"elementor-element elementor-element-75d0ced elementor-widget elementor-widget-text-editor\" data-id=\"75d0ced\" data-element_type=\"widget\" data-widget_type=\"text-editor.default\">\n\t\t\t\t<div class=\"elementor-widget-container\">\n\t\t\t\t\t\t\t<p>A trav\u00e9s de la mejora continua de la calidad, dise\u00f1o y procesos se busca generar un compromiso con nuestros clientes. La atenci\u00f3n es primordial para ofrecer un servicio satisfactorio por lo que servimos como gu\u00eda desde la planeaci\u00f3n hasta el seguimiento de los proyectos una vez concluido nuestro trabajo.<\/p>\t\t\t\t\t\t<\/div>\n\t\t\t\t<\/div>\n\t\t\t\t\t<\/div>\n\t\t<\/div>\n\t\t\t\t\t\t\t<\/div>\n\t\t<\/section>\n\t\t\t\t<section class=\"elementor-section elementor-top-section elementor-element elementor-element-cf90a08 elementor-section-boxed elementor-section-height-default elementor-section-height-default\" data-id=\"cf90a08\" data-element_type=\"section\">\n\t\t\t\t\t\t<div class=\"elementor-container elementor-column-gap-default\">\n\t\t\t\t\t<div class=\"elementor-column elementor-col-100 elementor-top-column elementor-element elementor-element-46cec66\" data-id=\"46cec66\" data-element_type=\"column\">\n\t\t\t<div class=\"elementor-widget-wrap elementor-element-populated\">\n\t\t\t\t\t\t\t\t<div class=\"elementor-element elementor-element-7ccb7e7 elementor-widget elementor-widget-image\" data-id=\"7ccb7e7\" data-element_type=\"widget\" data-widget_type=\"image.default\">\n\t\t\t\t<div class=\"elementor-widget-container\">\n\t\t\t<style>\/*! elementor - v3.8.0 - 30-10-2022 *\/\n.elementor-widget-image{text-align:center}.elementor-widget-image a{display:inline-block}.elementor-widget-image a img[src$=\".svg\"]{width:48px}.elementor-widget-image img{vertical-align:middle;display:inline-block}<\/style>\t\t\t\t\t\t\t\t\t\t\t\t<img loading=\"lazy\" decoding=\"async\" width=\"500\" height=\"300\" src=\"https:\/\/activetrade.ec\/web\/wp-content\/uploads\/2022\/12\/IMAGEN-PORTADA-3.jpg\" class=\"attachment-large size-large\" alt=\"\" srcset=\"https:\/\/activetrade.ec\/web\/wp-content\/uploads\/2022\/12\/IMAGEN-PORTADA-3.jpg 500w, https:\/\/activetrade.ec\/web\/wp-content\/uploads\/2022\/12\/IMAGEN-PORTADA-3-300x180.jpg 300w\" sizes=\"auto, (max-width: 500px) 100vw, 500px\" \/>\t\t\t\t\t\t\t\t\t\t\t\t\t\t\t<\/div>\n\t\t\t\t<\/div>\n\t\t\t\t\t<\/div>\n\t\t<\/div>\n\t\t\t\t\t\t\t<\/div>\n\t\t<\/section>\n\t\t\t\t<section class=\"elementor-section elementor-top-section elementor-element elementor-element-97f8b49 elementor-section-boxed elementor-section-height-default elementor-section-height-default\" data-id=\"97f8b49\" data-element_type=\"section\">\n\t\t\t\t\t\t<div class=\"elementor-container elementor-column-gap-default\">\n\t\t\t\t\t<div class=\"elementor-column elementor-col-100 elementor-top-column elementor-element elementor-element-46b78ad\" data-id=\"46b78ad\" data-element_type=\"column\">\n\t\t\t<div class=\"elementor-widget-wrap elementor-element-populated\">\n\t\t\t\t\t\t\t\t<div class=\"elementor-element elementor-element-795c51b elementor-widget elementor-widget-text-editor\" data-id=\"795c51b\" data-element_type=\"widget\" data-widget_type=\"text-editor.default\">\n\t\t\t\t<div class=\"elementor-widget-container\">\n\t\t\t\t\t\t\t<p>Construir espacios funcionales que se adapten a las necesidades de nuestros clientes, aplicando nuestra dedicaci\u00f3n y esfuerzo para garantizar edificaciones de gran durabilidad con un alto valor est\u00e9tico que sirvan como referente internacional.<\/p>\t\t\t\t\t\t<\/div>\n\t\t\t\t<\/div>\n\t\t\t\t\t<\/div>\n\t\t<\/div>\n\t\t\t\t\t\t\t<\/div>\n\t\t<\/section>\n\t\t\t\t<section class=\"elementor-section elementor-top-section elementor-element elementor-element-a88a347 elementor-section-boxed elementor-section-height-default elementor-section-height-default\" data-id=\"a88a347\" data-element_type=\"section\">\n\t\t\t\t\t\t<div class=\"elementor-container elementor-column-gap-default\">\n\t\t\t\t\t<div class=\"elementor-column elementor-col-100 elementor-top-column elementor-element elementor-element-42defe7\" data-id=\"42defe7\" data-element_type=\"column\">\n\t\t\t<div class=\"elementor-widget-wrap elementor-element-populated\">\n\t\t\t\t\t\t\t\t<div class=\"elementor-element elementor-element-8d039e1 elementor-widget elementor-widget-image\" data-id=\"8d039e1\" data-element_type=\"widget\" data-widget_type=\"image.default\">\n\t\t\t\t<div class=\"elementor-widget-container\">\n\t\t\t\t\t\t\t\t\t\t\t\t\t\t\t<img loading=\"lazy\" decoding=\"async\" width=\"500\" height=\"300\" src=\"https:\/\/activetrade.ec\/web\/wp-content\/uploads\/2022\/12\/espacio-de-obras-2.jpg\" class=\"attachment-large size-large\" alt=\"\" srcset=\"https:\/\/activetrade.ec\/web\/wp-content\/uploads\/2022\/12\/espacio-de-obras-2.jpg 500w, https:\/\/activetrade.ec\/web\/wp-content\/uploads\/2022\/12\/espacio-de-obras-2-300x180.jpg 300w\" sizes=\"auto, (max-width: 500px) 100vw, 500px\" \/>\t\t\t\t\t\t\t\t\t\t\t\t\t\t\t<\/div>\n\t\t\t\t<\/div>\n\t\t\t\t\t<\/div>\n\t\t<\/div>\n\t\t\t\t\t\t\t<\/div>\n\t\t<\/section>\n\t\t\t\t\t\t\t<\/div>\n\t\t","protected":false},"excerpt":{"rendered":"<p>Ofrecemos servicios y productos que respondan a todas sus necesidades, buscando satisfacer plenamente sus expectativas, a trav\u00e9s de un equipo humano competente. De esta manera podemos elevar el nivel de clientes y la fidelizaci\u00f3n de los mismo, poder lograr incrementar sus servicios. A trav\u00e9s de la mejora continua de la calidad, dise\u00f1o y procesos se [&hellip;]<\/p>\n","protected":false},"author":1,"featured_media":0,"parent":0,"menu_order":0,"comment_status":"closed","ping_status":"closed","template":"","meta":{"footnotes":""},"class_list":["post-226","page","type-page","status-publish","hentry"],"_links":{"self":[{"href":"https:\/\/activetrade.ec\/web\/wp-json\/wp\/v2\/pages\/226","targetHints":{"allow":["GET"]}}],"collection":[{"href":"https:\/\/activetrade.ec\/web\/wp-json\/wp\/v2\/pages"}],"about":[{"href":"https:\/\/activetrade.ec\/web\/wp-json\/wp\/v2\/types\/page"}],"author":[{"embeddable":true,"href":"https:\/\/activetrade.ec\/web\/wp-json\/wp\/v2\/users\/1"}],"replies":[{"embeddable":true,"href":"https:\/\/activetrade.ec\/web\/wp-json\/wp\/v2\/comments?post=226"}],"version-history":[{"count":22,"href":"https:\/\/activetrade.ec\/web\/wp-json\/wp\/v2\/pages\/226\/revisions"}],"predecessor-version":[{"id":329,"href":"https:\/\/activetrade.ec\/web\/wp-json\/wp\/v2\/pages\/226\/revisions\/329"}],"wp:attachment":[{"href":"https:\/\/activetrade.ec\/web\/wp-json\/wp\/v2\/media?parent=226"}],"curies":[{"name":"wp","href":"https:\/\/api.w.org\/{rel}","templated":true}]}}